{"id":1292,"date":"2020-11-15T02:18:01","date_gmt":"2020-11-15T02:18:01","guid":{"rendered":"http:\/\/constructr.iamabdus.com\/v1.0\/?page_id=1292"},"modified":"2025-05-07T22:42:37","modified_gmt":"2025-05-07T22:42:37","slug":"nuestras_marcas","status":"publish","type":"page","link":"https:\/\/mayoreodelistmo-cr.com\/es\/nuestras_marcas","title":{"rendered":"Nuestras marcas"},"content":{"rendered":"\t\t<div data-elementor-type=\"wp-page\" data-elementor-id=\"1292\" class=\"elementor elementor-1292\" data-elementor-post-type=\"page\">\n\t\t\t\t\t\t<section class=\"elementor-section elementor-top-section elementor-element elementor-element-119b89d elementor-section-boxed elementor-section-height-default elementor-section-height-default wpr-particle-no wpr-jarallax-no wpr-parallax-no wpr-sticky-section-no\" data-id=\"119b89d\" data-element_type=\"section\">\n\t\t\t\t\t\t<div class=\"elementor-container elementor-column-gap-default\">\n\t\t\t\t\t<div class=\"elementor-column elementor-col-50 elementor-top-column elementor-element elementor-element-0e00a30\" data-id=\"0e00a30\" data-element_type=\"column\">\n\t\t\t<div class=\"elementor-widget-wrap elementor-element-populated\">\n\t\t\t\t\t\t<div class=\"elementor-element elementor-element-db303c3 elementor-position-top elementor-invisible elementor-widget elementor-widget-image-box\" data-id=\"db303c3\" data-element_type=\"widget\" data-settings=\"{&quot;_animation&quot;:&quot;slideInLeft&quot;}\" data-widget_type=\"image-box.default\">\n\t\t\t\t<div class=\"elementor-widget-container\">\n\t\t\t\t\t<div class=\"elementor-image-box-wrapper\"><figure class=\"elementor-image-box-img\"><img decoding=\"async\" width=\"425\" height=\"80\" src=\"https:\/\/mayoreodelistmo-cr.com\/wp-content\/uploads\/2021\/09\/piono.png\" class=\"attachment-full size-full wp-image-3025\" alt=\"\" srcset=\"https:\/\/mayoreodelistmo-cr.com\/wp-content\/uploads\/2021\/09\/piono.png 425w, https:\/\/mayoreodelistmo-cr.com\/wp-content\/uploads\/2021\/09\/piono-300x56.png 300w\" sizes=\"(max-width: 425px) 100vw, 425px\" \/><\/figure><div class=\"elementor-image-box-content\"><h3 class=\"elementor-image-box-title\">Madera de Pino Premium<\/h3><p class=\"elementor-image-box-description\">Pinotek ofrece una de las l\u00edneas m\u00e1s completas y vers\u00e1tiles de madera de Pino Radiata, proveniente de bosques manejados de manera sustentable en Chile. Esta variedad de madera renovable est\u00e1 disponible en opciones tanto impregnadas como no impregnadas, lo que la hace ideal para una amplia gama de proyectos de construcci\u00f3n y carpinter\u00eda.\n\nProveniente de bosques gestionados de forma responsable, la madera Pinotek es procesada bajo estrictos est\u00e1ndares ambientales, garantizando tanto calidad como sostenibilidad. Perfecta para aplicaciones de alto rendimiento, es la opci\u00f3n ideal para empresas que buscan un material confiable y ecol\u00f3gico, que cumpla con las necesidades modernas de la construcci\u00f3n.<\/p><\/div><\/div>\t\t\t\t<\/div>\n\t\t\t\t<\/div>\n\t\t\t\t\t<\/div>\n\t\t<\/div>\n\t\t\t\t<div class=\"elementor-column elementor-col-50 elementor-top-column elementor-element elementor-element-4cee20b\" data-id=\"4cee20b\" data-element_type=\"column\">\n\t\t\t<div class=\"elementor-widget-wrap elementor-element-populated\">\n\t\t\t\t\t\t<div class=\"elementor-element elementor-element-e950f1b elementor-position-top elementor-invisible elementor-widget elementor-widget-image-box\" data-id=\"e950f1b\" data-element_type=\"widget\" data-settings=\"{&quot;_animation&quot;:&quot;slideInLeft&quot;}\" data-widget_type=\"image-box.default\">\n\t\t\t\t<div class=\"elementor-widget-container\">\n\t\t\t\t\t<div class=\"elementor-image-box-wrapper\"><figure class=\"elementor-image-box-img\"><img decoding=\"async\" width=\"308\" height=\"93\" src=\"https:\/\/mayoreodelistmo-cr.com\/wp-content\/uploads\/2021\/09\/logocp.png\" class=\"attachment-full size-full wp-image-3055\" alt=\"\" srcset=\"https:\/\/mayoreodelistmo-cr.com\/wp-content\/uploads\/2021\/09\/logocp.png 308w, https:\/\/mayoreodelistmo-cr.com\/wp-content\/uploads\/2021\/09\/logocp-300x91.png 300w\" sizes=\"(max-width: 308px) 100vw, 308px\" \/><\/figure><div class=\"elementor-image-box-content\"><h3 class=\"elementor-image-box-title\">Soluciones para Carpinter\u00eda y Muebles<\/h3><p class=\"elementor-image-box-description\">Centro Carpintero se especializa en la venta de l\u00e1minas de melamina de excelente calidad, disponibles en una amplia variedad de colores, tonos y texturas, lo que permite una gran flexibilidad para adaptarse a distintos proyectos. Ofrecemos adem\u00e1s servicios de corte dimensionado y tapeteo con tecnolog\u00eda avanzada, asegurando precisi\u00f3n en cada pedido, lo que optimiza los tiempos de entrega. Nuestro taller est\u00e1 completamente equipado para atender las necesidades de los productores de muebles, brindando accesorios de alta gama para el armado de muebles. Trabajamos para facilitar los procesos de nuestros clientes, asegurando que reciban productos que cumplen con los m\u00e1s altos est\u00e1ndares de calidad.\n\n<\/p><\/div><\/div>\t\t\t\t<\/div>\n\t\t\t\t<\/div>\n\t\t\t\t\t<\/div>\n\t\t<\/div>\n\t\t\t\t\t<\/div>\n\t\t<\/section>\n\t\t\t\t<section class=\"elementor-section elementor-top-section elementor-element elementor-element-fe0a91f elementor-section-boxed elementor-section-height-default elementor-section-height-default wpr-particle-no wpr-jarallax-no wpr-parallax-no wpr-sticky-section-no\" data-id=\"fe0a91f\" data-element_type=\"section\">\n\t\t\t\t\t\t<div class=\"elementor-container elementor-column-gap-default\">\n\t\t\t\t\t<div class=\"elementor-column elementor-col-50 elementor-top-column elementor-element elementor-element-20abf58\" data-id=\"20abf58\" data-element_type=\"column\">\n\t\t\t<div class=\"elementor-widget-wrap elementor-element-populated\">\n\t\t\t\t\t\t<div class=\"elementor-element elementor-element-b6619fa elementor-position-top elementor-invisible elementor-widget elementor-widget-image-box\" data-id=\"b6619fa\" data-element_type=\"widget\" data-settings=\"{&quot;_animation&quot;:&quot;slideInLeft&quot;}\" data-widget_type=\"image-box.default\">\n\t\t\t\t<div class=\"elementor-widget-container\">\n\t\t\t\t\t<div class=\"elementor-image-box-wrapper\"><figure class=\"elementor-image-box-img\"><img fetchpriority=\"high\" decoding=\"async\" width=\"480\" height=\"141\" src=\"https:\/\/mayoreodelistmo-cr.com\/wp-content\/uploads\/2021\/09\/wantok-logo.png\" class=\"attachment-full size-full wp-image-3068\" alt=\"\" srcset=\"https:\/\/mayoreodelistmo-cr.com\/wp-content\/uploads\/2021\/09\/wantok-logo.png 480w, https:\/\/mayoreodelistmo-cr.com\/wp-content\/uploads\/2021\/09\/wantok-logo-300x88.png 300w\" sizes=\"(max-width: 480px) 100vw, 480px\" \/><\/figure><div class=\"elementor-image-box-content\"><h3 class=\"elementor-image-box-title\">Productos para el jard\u00edn<\/h3><p class=\"elementor-image-box-description\">Wantok ofrece una amplia gama de productos para el jard\u00edn, ideales para satisfacer todas las necesidades de los aficionados y profesionales del \u00e1rea. Contamos con juegos de herramientas peque\u00f1as, perfectas para el cuidado detallado de plantas y jardines. Adem\u00e1s, ofrecemos colectores de frutas, mangueras de alta resistencia y otros accesorios dise\u00f1ados para facilitar las labores de jardiner\u00eda. Nos aseguramos de que cada producto cumpla con los est\u00e1ndares de calidad y durabilidad, garantizando un rendimiento \u00f3ptimo en cada tarea. Ya sea para uso dom\u00e9stico o profesional, nuestros productos est\u00e1n dise\u00f1ados para ofrecer comodidad y eficiencia. Con Wantok, el cuidado del jard\u00edn se vuelve una tarea sencilla y gratificante.\n\n\n\n\u00a0<\/p><\/div><\/div>\t\t\t\t<\/div>\n\t\t\t\t<\/div>\n\t\t\t\t\t<\/div>\n\t\t<\/div>\n\t\t\t\t<div class=\"elementor-column elementor-col-50 elementor-top-column elementor-element elementor-element-ebf0523\" data-id=\"ebf0523\" data-element_type=\"column\">\n\t\t\t<div class=\"elementor-widget-wrap elementor-element-populated\">\n\t\t\t\t\t\t<div class=\"elementor-element elementor-element-777c419 elementor-position-top elementor-invisible elementor-widget elementor-widget-image-box\" data-id=\"777c419\" data-element_type=\"widget\" data-settings=\"{&quot;_animation&quot;:&quot;slideInLeft&quot;}\" data-widget_type=\"image-box.default\">\n\t\t\t\t<div class=\"elementor-widget-container\">\n\t\t\t\t\t<div class=\"elementor-image-box-wrapper\"><figure class=\"elementor-image-box-img\"><img loading=\"lazy\" decoding=\"async\" width=\"375\" height=\"369\" src=\"https:\/\/mayoreodelistmo-cr.com\/wp-content\/uploads\/2021\/09\/rino.png\" class=\"attachment-full size-full wp-image-3061\" alt=\"\" srcset=\"https:\/\/mayoreodelistmo-cr.com\/wp-content\/uploads\/2021\/09\/rino.png 375w, https:\/\/mayoreodelistmo-cr.com\/wp-content\/uploads\/2021\/09\/rino-300x295.png 300w\" sizes=\"(max-width: 375px) 100vw, 375px\" \/><\/figure><div class=\"elementor-image-box-content\"><h3 class=\"elementor-image-box-title\">Limpieza y mantenimiento<\/h3><p class=\"elementor-image-box-description\">Rino ofrece una amplia gama de productos de limpieza de alta calidad, incluyendo jab\u00f3n, cloro, anticongelantes y pegamento blanco. Nuestro jab\u00f3n est\u00e1 formulado para proporcionar una limpieza profunda y eficaz, adecuado para diversas superficies, mientras que el cloro es ideal para desinfectar y eliminar manchas dif\u00edciles. Tambi\u00e9n ofrecemos anticongelantes que aseguran la protecci\u00f3n eficiente de sistemas de refrigeraci\u00f3n. Adem\u00e1s, contamos con pegamento blanco de gran resistencia, perfecto para aplicaciones de carpinter\u00eda y proyectos dom\u00e9sticos. Todos nuestros productos est\u00e1n dise\u00f1ados para ofrecer excelentes resultados, durabilidad y alto rendimiento.\n\n<\/p><\/div><\/div>\t\t\t\t<\/div>\n\t\t\t\t<\/div>\n\t\t\t\t\t<\/div>\n\t\t<\/div>\n\t\t\t\t\t<\/div>\n\t\t<\/section>\n\t\t\t\t<section class=\"elementor-section elementor-top-section elementor-element elementor-element-5d268c0 elementor-section-boxed elementor-section-height-default elementor-section-height-default wpr-particle-no wpr-jarallax-no wpr-parallax-no wpr-sticky-section-no\" data-id=\"5d268c0\" data-element_type=\"section\">\n\t\t\t\t\t\t<div class=\"elementor-container elementor-column-gap-default\">\n\t\t\t\t\t<div class=\"elementor-column elementor-col-50 elementor-top-column elementor-element elementor-element-9bd16f9\" data-id=\"9bd16f9\" data-element_type=\"column\">\n\t\t\t<div class=\"elementor-widget-wrap elementor-element-populated\">\n\t\t\t\t\t\t<div class=\"elementor-element elementor-element-4b8d857 elementor-position-top elementor-invisible elementor-widget elementor-widget-image-box\" data-id=\"4b8d857\" data-element_type=\"widget\" data-settings=\"{&quot;_animation&quot;:&quot;slideInLeft&quot;}\" data-widget_type=\"image-box.default\">\n\t\t\t\t<div class=\"elementor-widget-container\">\n\t\t\t\t\t<div class=\"elementor-image-box-wrapper\"><figure class=\"elementor-image-box-img\"><img loading=\"lazy\" decoding=\"async\" width=\"503\" height=\"253\" src=\"https:\/\/mayoreodelistmo-cr.com\/wp-content\/uploads\/2021\/09\/lux.png\" class=\"attachment-full size-full wp-image-3022\" alt=\"\" srcset=\"https:\/\/mayoreodelistmo-cr.com\/wp-content\/uploads\/2021\/09\/lux.png 503w, https:\/\/mayoreodelistmo-cr.com\/wp-content\/uploads\/2021\/09\/lux-300x151.png 300w\" sizes=\"(max-width: 503px) 100vw, 503px\" \/><\/figure><div class=\"elementor-image-box-content\"><h3 class=\"elementor-image-box-title\">Iluminaci\u00f3n del hogar<\/h3><p class=\"elementor-image-box-description\">Lux ofrece una amplia gama de l\u00e1mparas y bombillos LED de alta calidad, ideales para diversas aplicaciones en el hogar, oficina o proyectos comerciales. Nuestros productos est\u00e1n disponibles en diferentes gamas, desde opciones econ\u00f3micas hasta soluciones de alto rendimiento, adapt\u00e1ndose a las necesidades y preferencias de cada cliente. Las l\u00e1mparas y bombillos LED de Lux proporcionan una iluminaci\u00f3n eficiente, de bajo consumo y con una larga vida \u00fatil, lo que contribuye al ahorro energ\u00e9tico y al cuidado del medio ambiente. Con Lux, podr\u00e1 disfrutar de una iluminaci\u00f3n de calidad y duradera.\n\u00a0\n\u00a0<\/p><\/div><\/div>\t\t\t\t<\/div>\n\t\t\t\t<\/div>\n\t\t\t\t\t<\/div>\n\t\t<\/div>\n\t\t\t\t<div class=\"elementor-column elementor-col-50 elementor-top-column elementor-element elementor-element-159d77e\" data-id=\"159d77e\" data-element_type=\"column\">\n\t\t\t<div class=\"elementor-widget-wrap elementor-element-populated\">\n\t\t\t\t\t\t<div class=\"elementor-element elementor-element-f9b020b elementor-position-top elementor-invisible elementor-widget elementor-widget-image-box\" data-id=\"f9b020b\" data-element_type=\"widget\" data-settings=\"{&quot;_animation&quot;:&quot;slideInLeft&quot;}\" data-widget_type=\"image-box.default\">\n\t\t\t\t<div class=\"elementor-widget-container\">\n\t\t\t\t\t<div class=\"elementor-image-box-wrapper\"><figure class=\"elementor-image-box-img\"><img loading=\"lazy\" decoding=\"async\" width=\"350\" height=\"137\" src=\"https:\/\/mayoreodelistmo-cr.com\/wp-content\/uploads\/2021\/09\/mayist.png\" class=\"attachment-full size-full wp-image-3023\" alt=\"\" srcset=\"https:\/\/mayoreodelistmo-cr.com\/wp-content\/uploads\/2021\/09\/mayist.png 350w, https:\/\/mayoreodelistmo-cr.com\/wp-content\/uploads\/2021\/09\/mayist-300x117.png 300w\" sizes=\"(max-width: 350px) 100vw, 350px\" \/><\/figure><div class=\"elementor-image-box-content\"><h3 class=\"elementor-image-box-title\">L\u00ednea de Materiales de construcci\u00f3n<\/h3><p class=\"elementor-image-box-description\">Mayist ofrece una amplia gama de productos para la construcci\u00f3n, desde loza sanitaria hasta l\u00e1minas de PVC. Nuestra l\u00ednea incluye inodoros, lavamanos y accesorios para ba\u00f1o, dise\u00f1ados para brindar funcionalidad y resistencia en ambientes residenciales y comerciales. Tambi\u00e9n contamos con l\u00e1minas de PVC en distintos formatos, ideales para techos, revestimientos y soluciones constructivas ligeras. Mayist es sin\u00f3nimo de soluciones pr\u00e1cticas, duraderas y adaptadas a las necesidades de ferreter\u00edas que buscan productos confiables para sus clientes.\n\n\n\u00a0<\/p><\/div><\/div>\t\t\t\t<\/div>\n\t\t\t\t<\/div>\n\t\t\t\t\t<\/div>\n\t\t<\/div>\n\t\t\t\t\t<\/div>\n\t\t<\/section>\n\t\t\t\t<section class=\"elementor-section elementor-top-section elementor-element elementor-element-a7112dc elementor-section-boxed elementor-section-height-default elementor-section-height-default wpr-particle-no wpr-jarallax-no wpr-parallax-no wpr-sticky-section-no\" data-id=\"a7112dc\" data-element_type=\"section\">\n\t\t\t\t\t\t<div class=\"elementor-container elementor-column-gap-default\">\n\t\t\t\t\t<div class=\"elementor-column elementor-col-100 elementor-top-column elementor-element elementor-element-90b2021\" data-id=\"90b2021\" data-element_type=\"column\">\n\t\t\t<div class=\"elementor-widget-wrap elementor-element-populated\">\n\t\t\t\t\t\t<div class=\"elementor-element elementor-element-425ea16 elementor-position-top elementor-invisible elementor-widget elementor-widget-image-box\" data-id=\"425ea16\" data-element_type=\"widget\" data-settings=\"{&quot;_animation&quot;:&quot;slideInLeft&quot;}\" data-widget_type=\"image-box.default\">\n\t\t\t\t<div class=\"elementor-widget-container\">\n\t\t\t\t\t<div class=\"elementor-image-box-wrapper\"><figure class=\"elementor-image-box-img\"><img loading=\"lazy\" decoding=\"async\" width=\"540\" height=\"106\" src=\"https:\/\/mayoreodelistmo-cr.com\/wp-content\/uploads\/2021\/09\/lgoo-megawall.png\" class=\"attachment-full size-full wp-image-3060\" alt=\"\" srcset=\"https:\/\/mayoreodelistmo-cr.com\/wp-content\/uploads\/2021\/09\/lgoo-megawall.png 540w, https:\/\/mayoreodelistmo-cr.com\/wp-content\/uploads\/2021\/09\/lgoo-megawall-300x59.png 300w\" sizes=\"(max-width: 540px) 100vw, 540px\" \/><\/figure><div class=\"elementor-image-box-content\"><h3 class=\"elementor-image-box-title\">Sistema constructivo modular<\/h3><p class=\"elementor-image-box-description\">Megawall se especializa en sistemas de construcci\u00f3n modular, ideales para soluciones r\u00e1pidas, funcionales y eficientes en hogares, negocios y bodegas. Sus paneles modulares permiten una instalaci\u00f3n \u00e1gil, limpia y adaptable a distintos tipos de espacios, reduciendo tiempos de obra sin comprometer la calidad. Fabricados con materiales resistentes y de bajo mantenimiento, los productos Megawall representan una alternativa moderna para quienes buscan innovaci\u00f3n constructiva, con alto valor agregado y excelente rendimiento en distintos entornos.\n\n<\/p><\/div><\/div>\t\t\t\t<\/div>\n\t\t\t\t<\/div>\n\t\t\t\t\t<\/div>\n\t\t<\/div>\n\t\t\t\t\t<\/div>\n\t\t<\/section>\n\t\t\t\t<\/div>\n\t\t","protected":false},"excerpt":{"rendered":"<p>Madera de Pino Premium Pinotek ofrece una de las l\u00edneas m\u00e1s completas y vers\u00e1tiles de madera de Pino Radiata, proveniente &hellip;<\/p>\n","protected":false},"author":1,"featured_media":2965,"parent":0,"menu_order":0,"comment_status":"closed","ping_status":"closed","template":"","meta":{"_monsterinsights_skip_tracking":false,"_monsterinsights_sitenote_active":false,"_monsterinsights_sitenote_note":"","_monsterinsights_sitenote_category":0,"footnotes":""},"class_list":["post-1292","page","type-page","status-publish","has-post-thumbnail","hentry"],"yoast_head":"<!-- This site is optimized with the Yoast SEO plugin v26.7 - https:\/\/yoast.com\/wordpress\/plugins\/seo\/ -->\n<title>Nuestras marcas - Mayoreo de Itsmo<\/title>\n<meta name=\"description\" content=\"Contamos con una variedad de marcas que ofrecen diferentes soluciones como constructora, corte dimensionado y productos para el hogar.\" \/>\n<meta name=\"robots\" content=\"index, follow, max-snippet:-1, max-image-preview:large, max-video-preview:-1\" \/>\n<link rel=\"canonical\" href=\"https:\/\/mayoreodelistmo-cr.com\/es\/nuestras_marcas\" \/>\n<meta property=\"og:locale\" content=\"es_ES\" \/>\n<meta property=\"og:type\" content=\"article\" \/>\n<meta property=\"og:title\" content=\"Nuestras marcas - Mayoreo de Itsmo\" \/>\n<meta property=\"og:description\" content=\"Contamos con una variedad de marcas que ofrecen diferentes soluciones como constructora, corte dimensionado y productos para el hogar.\" \/>\n<meta property=\"og:url\" content=\"https:\/\/mayoreodelistmo-cr.com\/es\/nuestras_marcas\" \/>\n<meta property=\"og:site_name\" content=\"Mayoreo de Itsmo\" \/>\n<meta property=\"article:modified_time\" content=\"2025-05-07T22:42:37+00:00\" \/>\n<meta property=\"og:image\" content=\"https:\/\/mayoreodelistmo-cr.com\/wp-content\/uploads\/2021\/09\/DSC_1232-scaled.jpg\" \/>\n\t<meta property=\"og:image:width\" content=\"2560\" \/>\n\t<meta property=\"og:image:height\" content=\"1707\" \/>\n\t<meta property=\"og:image:type\" content=\"image\/jpeg\" \/>\n<meta name=\"twitter:card\" content=\"summary_large_image\" \/>\n<meta name=\"twitter:label1\" content=\"Est. reading time\" \/>\n\t<meta name=\"twitter:data1\" content=\"5 minutos\" \/>\n<script type=\"application\/ld+json\" class=\"yoast-schema-graph\">{\"@context\":\"https:\/\/schema.org\",\"@graph\":[{\"@type\":\"WebPage\",\"@id\":\"https:\/\/mayoreodelistmo-cr.com\/es\/nuestras_marcas\",\"url\":\"https:\/\/mayoreodelistmo-cr.com\/es\/nuestras_marcas\",\"name\":\"Nuestras marcas - Mayoreo de Itsmo\",\"isPartOf\":{\"@id\":\"https:\/\/mayoreodelistmo-cr.com\/#website\"},\"primaryImageOfPage\":{\"@id\":\"https:\/\/mayoreodelistmo-cr.com\/es\/nuestras_marcas#primaryimage\"},\"image\":{\"@id\":\"https:\/\/mayoreodelistmo-cr.com\/es\/nuestras_marcas#primaryimage\"},\"thumbnailUrl\":\"https:\/\/mayoreodelistmo-cr.com\/wp-content\/uploads\/2021\/09\/DSC_1232-scaled.jpg\",\"datePublished\":\"2020-11-15T02:18:01+00:00\",\"dateModified\":\"2025-05-07T22:42:37+00:00\",\"description\":\"Contamos con una variedad de marcas que ofrecen diferentes soluciones como constructora, corte dimensionado y productos para el hogar.\",\"breadcrumb\":{\"@id\":\"https:\/\/mayoreodelistmo-cr.com\/es\/nuestras_marcas#breadcrumb\"},\"inLanguage\":\"es-CR\",\"potentialAction\":[{\"@type\":\"ReadAction\",\"target\":[\"https:\/\/mayoreodelistmo-cr.com\/es\/nuestras_marcas\"]}]},{\"@type\":\"ImageObject\",\"inLanguage\":\"es-CR\",\"@id\":\"https:\/\/mayoreodelistmo-cr.com\/es\/nuestras_marcas#primaryimage\",\"url\":\"https:\/\/mayoreodelistmo-cr.com\/wp-content\/uploads\/2021\/09\/DSC_1232-scaled.jpg\",\"contentUrl\":\"https:\/\/mayoreodelistmo-cr.com\/wp-content\/uploads\/2021\/09\/DSC_1232-scaled.jpg\",\"width\":2560,\"height\":1707},{\"@type\":\"BreadcrumbList\",\"@id\":\"https:\/\/mayoreodelistmo-cr.com\/es\/nuestras_marcas#breadcrumb\",\"itemListElement\":[{\"@type\":\"ListItem\",\"position\":1,\"name\":\"Inicio\",\"item\":\"https:\/\/mayoreodelistmo-cr.com\/es\/\"},{\"@type\":\"ListItem\",\"position\":2,\"name\":\"Nuestras marcas\"}]},{\"@type\":\"WebSite\",\"@id\":\"https:\/\/mayoreodelistmo-cr.com\/#website\",\"url\":\"https:\/\/mayoreodelistmo-cr.com\/\",\"name\":\"Mayoreo de Itsmo\",\"description\":\"Materiales de construcci\u00f3n\",\"publisher\":{\"@id\":\"https:\/\/mayoreodelistmo-cr.com\/#organization\"},\"potentialAction\":[{\"@type\":\"SearchAction\",\"target\":{\"@type\":\"EntryPoint\",\"urlTemplate\":\"https:\/\/mayoreodelistmo-cr.com\/?s={search_term_string}\"},\"query-input\":{\"@type\":\"PropertyValueSpecification\",\"valueRequired\":true,\"valueName\":\"search_term_string\"}}],\"inLanguage\":\"es-CR\"},{\"@type\":\"Organization\",\"@id\":\"https:\/\/mayoreodelistmo-cr.com\/#organization\",\"name\":\"Mayoreo de Itsmo\",\"url\":\"https:\/\/mayoreodelistmo-cr.com\/\",\"logo\":{\"@type\":\"ImageObject\",\"inLanguage\":\"es-CR\",\"@id\":\"https:\/\/mayoreodelistmo-cr.com\/#\/schema\/logo\/image\/\",\"url\":\"https:\/\/mayoreodelistmo-cr.com\/wp-content\/uploads\/2021\/09\/logo.png\",\"contentUrl\":\"https:\/\/mayoreodelistmo-cr.com\/wp-content\/uploads\/2021\/09\/logo.png\",\"width\":341,\"height\":359,\"caption\":\"Mayoreo de Itsmo\"},\"image\":{\"@id\":\"https:\/\/mayoreodelistmo-cr.com\/#\/schema\/logo\/image\/\"}}]}<\/script>\n<!-- \/ Yoast SEO plugin. -->","yoast_head_json":{"title":"Nuestras marcas - Mayoreo de Itsmo","description":"Contamos con una variedad de marcas que ofrecen diferentes soluciones como constructora, corte dimensionado y productos para el hogar.","robots":{"index":"index","follow":"follow","max-snippet":"max-snippet:-1","max-image-preview":"max-image-preview:large","max-video-preview":"max-video-preview:-1"},"canonical":"https:\/\/mayoreodelistmo-cr.com\/es\/nuestras_marcas","og_locale":"es_ES","og_type":"article","og_title":"Nuestras marcas - Mayoreo de Itsmo","og_description":"Contamos con una variedad de marcas que ofrecen diferentes soluciones como constructora, corte dimensionado y productos para el hogar.","og_url":"https:\/\/mayoreodelistmo-cr.com\/es\/nuestras_marcas","og_site_name":"Mayoreo de Itsmo","article_modified_time":"2025-05-07T22:42:37+00:00","og_image":[{"width":2560,"height":1707,"url":"https:\/\/mayoreodelistmo-cr.com\/wp-content\/uploads\/2021\/09\/DSC_1232-scaled.jpg","type":"image\/jpeg"}],"twitter_card":"summary_large_image","twitter_misc":{"Est. reading time":"5 minutos"},"schema":{"@context":"https:\/\/schema.org","@graph":[{"@type":"WebPage","@id":"https:\/\/mayoreodelistmo-cr.com\/es\/nuestras_marcas","url":"https:\/\/mayoreodelistmo-cr.com\/es\/nuestras_marcas","name":"Nuestras marcas - Mayoreo de Itsmo","isPartOf":{"@id":"https:\/\/mayoreodelistmo-cr.com\/#website"},"primaryImageOfPage":{"@id":"https:\/\/mayoreodelistmo-cr.com\/es\/nuestras_marcas#primaryimage"},"image":{"@id":"https:\/\/mayoreodelistmo-cr.com\/es\/nuestras_marcas#primaryimage"},"thumbnailUrl":"https:\/\/mayoreodelistmo-cr.com\/wp-content\/uploads\/2021\/09\/DSC_1232-scaled.jpg","datePublished":"2020-11-15T02:18:01+00:00","dateModified":"2025-05-07T22:42:37+00:00","description":"Contamos con una variedad de marcas que ofrecen diferentes soluciones como constructora, corte dimensionado y productos para el hogar.","breadcrumb":{"@id":"https:\/\/mayoreodelistmo-cr.com\/es\/nuestras_marcas#breadcrumb"},"inLanguage":"es-CR","potentialAction":[{"@type":"ReadAction","target":["https:\/\/mayoreodelistmo-cr.com\/es\/nuestras_marcas"]}]},{"@type":"ImageObject","inLanguage":"es-CR","@id":"https:\/\/mayoreodelistmo-cr.com\/es\/nuestras_marcas#primaryimage","url":"https:\/\/mayoreodelistmo-cr.com\/wp-content\/uploads\/2021\/09\/DSC_1232-scaled.jpg","contentUrl":"https:\/\/mayoreodelistmo-cr.com\/wp-content\/uploads\/2021\/09\/DSC_1232-scaled.jpg","width":2560,"height":1707},{"@type":"BreadcrumbList","@id":"https:\/\/mayoreodelistmo-cr.com\/es\/nuestras_marcas#breadcrumb","itemListElement":[{"@type":"ListItem","position":1,"name":"Inicio","item":"https:\/\/mayoreodelistmo-cr.com\/es\/"},{"@type":"ListItem","position":2,"name":"Nuestras marcas"}]},{"@type":"WebSite","@id":"https:\/\/mayoreodelistmo-cr.com\/#website","url":"https:\/\/mayoreodelistmo-cr.com\/","name":"Mayoreo de Itsmo","description":"Materiales de construcci\u00f3n","publisher":{"@id":"https:\/\/mayoreodelistmo-cr.com\/#organization"},"potentialAction":[{"@type":"SearchAction","target":{"@type":"EntryPoint","urlTemplate":"https:\/\/mayoreodelistmo-cr.com\/?s={search_term_string}"},"query-input":{"@type":"PropertyValueSpecification","valueRequired":true,"valueName":"search_term_string"}}],"inLanguage":"es-CR"},{"@type":"Organization","@id":"https:\/\/mayoreodelistmo-cr.com\/#organization","name":"Mayoreo de Itsmo","url":"https:\/\/mayoreodelistmo-cr.com\/","logo":{"@type":"ImageObject","inLanguage":"es-CR","@id":"https:\/\/mayoreodelistmo-cr.com\/#\/schema\/logo\/image\/","url":"https:\/\/mayoreodelistmo-cr.com\/wp-content\/uploads\/2021\/09\/logo.png","contentUrl":"https:\/\/mayoreodelistmo-cr.com\/wp-content\/uploads\/2021\/09\/logo.png","width":341,"height":359,"caption":"Mayoreo de Itsmo"},"image":{"@id":"https:\/\/mayoreodelistmo-cr.com\/#\/schema\/logo\/image\/"}}]}},"_links":{"self":[{"href":"https:\/\/mayoreodelistmo-cr.com\/es\/wp-json\/wp\/v2\/pages\/1292","targetHints":{"allow":["GET"]}}],"collection":[{"href":"https:\/\/mayoreodelistmo-cr.com\/es\/wp-json\/wp\/v2\/pages"}],"about":[{"href":"https:\/\/mayoreodelistmo-cr.com\/es\/wp-json\/wp\/v2\/types\/page"}],"author":[{"embeddable":true,"href":"https:\/\/mayoreodelistmo-cr.com\/es\/wp-json\/wp\/v2\/users\/1"}],"replies":[{"embeddable":true,"href":"https:\/\/mayoreodelistmo-cr.com\/es\/wp-json\/wp\/v2\/comments?post=1292"}],"version-history":[{"count":177,"href":"https:\/\/mayoreodelistmo-cr.com\/es\/wp-json\/wp\/v2\/pages\/1292\/revisions"}],"predecessor-version":[{"id":7763,"href":"https:\/\/mayoreodelistmo-cr.com\/es\/wp-json\/wp\/v2\/pages\/1292\/revisions\/7763"}],"wp:featuredmedia":[{"embeddable":true,"href":"https:\/\/mayoreodelistmo-cr.com\/es\/wp-json\/wp\/v2\/media\/2965"}],"wp:attachment":[{"href":"https:\/\/mayoreodelistmo-cr.com\/es\/wp-json\/wp\/v2\/media?parent=1292"}],"curies":[{"name":"wp","href":"https:\/\/api.w.org\/{rel}","templated":true}]}}