{"id":1294,"date":"2020-11-15T02:18:40","date_gmt":"2020-11-15T02:18:40","guid":{"rendered":"http:\/\/constructr.iamabdus.com\/v1.0\/?page_id=1294"},"modified":"2026-01-07T22:10:28","modified_gmt":"2026-01-07T22:10:28","slug":"services-list-view","status":"publish","type":"page","link":"https:\/\/mayoreodelistmo-cr.com\/es\/services-list-view","title":{"rendered":"Nuestros Servicios"},"content":{"rendered":"\t\t<div data-elementor-type=\"wp-page\" data-elementor-id=\"1294\" class=\"elementor elementor-1294\" data-elementor-post-type=\"page\">\n\t\t\t\t\t\t<section class=\"elementor-section elementor-top-section elementor-element elementor-element-448df44 elementor-section-full_width elementor-section-height-full elementor-section-content-bottom elementor-section-height-default elementor-section-items-middle wpr-particle-no wpr-jarallax-no wpr-parallax-no wpr-sticky-section-no\" data-id=\"448df44\" data-element_type=\"section\">\n\t\t\t\t\t\t<div class=\"elementor-container elementor-column-gap-default\">\n\t\t\t\t\t<div class=\"elementor-column elementor-col-50 elementor-top-column elementor-element elementor-element-f72e9e7\" data-id=\"f72e9e7\" data-element_type=\"column\">\n\t\t\t<div class=\"elementor-widget-wrap elementor-element-populated\">\n\t\t\t\t\t\t<div class=\"elementor-element elementor-element-4598fa2 elementor-hidden-mobile elementor-widget elementor-widget-image\" data-id=\"4598fa2\" data-element_type=\"widget\" data-widget_type=\"image.default\">\n\t\t\t\t<div class=\"elementor-widget-container\">\n\t\t\t\t\t\t\t\t\t\t\t\t\t\t\t<img fetchpriority=\"high\" decoding=\"async\" width=\"1080\" height=\"1350\" src=\"https:\/\/mayoreodelistmo-cr.com\/wp-content\/uploads\/2026\/01\/Mayoreo-empleada.png\" class=\"attachment-full size-full wp-image-7814\" alt=\"\" srcset=\"https:\/\/mayoreodelistmo-cr.com\/wp-content\/uploads\/2026\/01\/Mayoreo-empleada.png 1080w, https:\/\/mayoreodelistmo-cr.com\/wp-content\/uploads\/2026\/01\/Mayoreo-empleada-240x300.png 240w, https:\/\/mayoreodelistmo-cr.com\/wp-content\/uploads\/2026\/01\/Mayoreo-empleada-819x1024.png 819w, https:\/\/mayoreodelistmo-cr.com\/wp-content\/uploads\/2026\/01\/Mayoreo-empleada-768x960.png 768w, https:\/\/mayoreodelistmo-cr.com\/wp-content\/uploads\/2026\/01\/Mayoreo-empleada-10x12.png 10w\" sizes=\"(max-width: 1080px) 100vw, 1080px\" \/>\t\t\t\t\t\t\t\t\t\t\t\t\t\t\t<\/div>\n\t\t\t\t<\/div>\n\t\t\t\t\t<\/div>\n\t\t<\/div>\n\t\t\t\t<div class=\"elementor-column elementor-col-50 elementor-top-column elementor-element elementor-element-216e4f2\" data-id=\"216e4f2\" data-element_type=\"column\">\n\t\t\t<div class=\"elementor-widget-wrap elementor-element-populated\">\n\t\t\t\t\t\t<div class=\"elementor-element elementor-element-316694b elementor-invisible elementor-widget elementor-widget-heading\" data-id=\"316694b\" data-element_type=\"widget\" data-settings=\"{&quot;_animation_delay&quot;:350,&quot;_animation&quot;:&quot;fadeInDown&quot;}\" data-widget_type=\"heading.default\">\n\t\t\t\t<div class=\"elementor-widget-container\">\n\t\t\t\t\t<h6 class=\"elementor-heading-title elementor-size-default\">\n<\/h6>\t\t\t\t<\/div>\n\t\t\t\t<\/div>\n\t\t\t\t<div class=\"elementor-element elementor-element-4721048 elementor-hidden-mobile elementor-widget elementor-widget-spacer\" data-id=\"4721048\" data-element_type=\"widget\" data-widget_type=\"spacer.default\">\n\t\t\t\t<div class=\"elementor-widget-container\">\n\t\t\t\t\t\t\t<div class=\"elementor-spacer\">\n\t\t\t<div class=\"elementor-spacer-inner\"><\/div>\n\t\t<\/div>\n\t\t\t\t\t\t<\/div>\n\t\t\t\t<\/div>\n\t\t\t\t<div class=\"elementor-element elementor-element-84be5cd elementor-invisible elementor-widget elementor-widget-heading\" data-id=\"84be5cd\" data-element_type=\"widget\" data-settings=\"{&quot;_animation_delay&quot;:360,&quot;_animation&quot;:&quot;fadeInDown&quot;}\" data-widget_type=\"heading.default\">\n\t\t\t\t<div class=\"elementor-widget-container\">\n\t\t\t\t\t<h2 class=\"elementor-heading-title elementor-size-default\">Preguntas frecuentes sobre nuestro servicio de materiales de construcci\u00f3n.<\/h2>\t\t\t\t<\/div>\n\t\t\t\t<\/div>\n\t\t\t\t<div class=\"elementor-element elementor-element-b75e1f4 elementor-invisible elementor-widget elementor-widget-bdt-accordion\" data-id=\"b75e1f4\" data-element_type=\"widget\" data-settings=\"{&quot;_animation&quot;:&quot;fadeInUp&quot;,&quot;_animation_delay&quot;:400}\" data-widget_type=\"bdt-accordion.default\">\n\t\t\t\t<div class=\"elementor-widget-container\">\n\t\t\t\t\t      <div class=\"bdt-accordion-container\">\r\n        <div id=\"bdt-accordion-b75e1f4\" class=\"bdt-accordion\" bdt-accordion=\"{&quot;collapsible&quot;:true,&quot;multiple&quot;:false,&quot;transition&quot;:&quot;ease-in-out&quot;}\" data-settings=\"{&quot;id&quot;:&quot;bdt-accordion-b75e1f4&quot;,&quot;activeHash&quot;:&quot;no&quot;,&quot;activeScrollspy&quot;:null,&quot;hashTopOffset&quot;:false,&quot;hashScrollspyTime&quot;:false}\">\r\n                      <div class=\"bdt-accordion-item\">\r\n            <div \r\n                class=\"bdt-accordion-title bdt-flex bdt-flex-middle bdt-flex-between\"                id=\"bdt-accordion-quines-son-nuestros-clientes\" \r\n                data-accordion-index=\"0\" \r\n                data-title=\"qui-nes-son-nuestros-clientes\" >\r\n\r\n                              <span class=\"bdt-accordion-icon bdt-flex-align-right\"\r\n                      aria-hidden=\"true\">\r\n\r\n\t\t\t\t                  <span class=\"bdt-accordion-icon-closed\">\r\n\t\t\t\t\t\t<i aria-hidden=\"true\" class=\"fa-fw fas fa-caret-down\"><\/i>\t\t\t\t\t\t<\/span>\r\n                \r\n                                          <span class=\"bdt-accordion-icon-opened\">\r\n\t\t\t\t\t\t\t\t\t\t\t\t\t\t\t\t\t\t<\/span>\r\n                    \r\n\t\t\t\t\t\t\t<\/span>\r\n                            \u00bfQui\u00e9nes son nuestros clientes?\r\n          <\/div>\r\n          <div class=\"bdt-accordion-content\">\r\n              <p class=\"\" data-start=\"202\" data-end=\"528\">En <strong data-start=\"205\" data-end=\"226\">Mayoreo del Istmo<\/strong>, trabajamos exclusivamente con <strong data-start=\"258\" data-end=\"292\">ferreter\u00edas en toda Costa Rica<\/strong>, brind\u00e1ndoles un suministro confiable de <strong data-start=\"334\" data-end=\"392\">materiales de construcci\u00f3n y herramientas al por mayor<\/strong>. Nuestros clientes son negocios que buscan abastecerse con productos de alta calidad, precios competitivos y un servicio personalizado.<\/p><p class=\"\" data-start=\"530\" data-end=\"865\">Atendemos desde ferreter\u00edas peque\u00f1as hasta cadenas con alta demanda, ofreciendo una soluci\u00f3n integral que les permite destacar por su variedad de productos, disponibilidad constante y cumplimiento en tiempos de entrega. Nos convertimos en un aliado estrat\u00e9gico para ferreter\u00edas que desean crecer con un proveedor s\u00f3lido y comprometido.<\/p><p><span style=\"vertical-align: inherit;\"><span style=\"vertical-align: inherit;\">\u00a0<\/span><\/span><\/p>          <\/div>\r\n        <\/div>\r\n                    <div class=\"bdt-accordion-item\">\r\n            <div \r\n                class=\"bdt-accordion-title bdt-flex bdt-flex-middle bdt-flex-between\"                id=\"bdt-accordion-que-clase-de-materiales-ofrecen\" \r\n                data-accordion-index=\"1\" \r\n                data-title=\"que-clase-de-materiales-ofrecen\" >\r\n\r\n                              <span class=\"bdt-accordion-icon bdt-flex-align-right\"\r\n                      aria-hidden=\"true\">\r\n\r\n\t\t\t\t                  <span class=\"bdt-accordion-icon-closed\">\r\n\t\t\t\t\t\t<i aria-hidden=\"true\" class=\"fa-fw fas fa-caret-down\"><\/i>\t\t\t\t\t\t<\/span>\r\n                \r\n                                          <span class=\"bdt-accordion-icon-opened\">\r\n\t\t\t\t\t\t\t\t\t\t\t\t\t\t\t\t\t\t<\/span>\r\n                    \r\n\t\t\t\t\t\t\t<\/span>\r\n                            \u00bfQue clase de materiales ofrecen?\r\n          <\/div>\r\n          <div class=\"bdt-accordion-content\">\r\n              <p class=\"\" data-start=\"180\" data-end=\"469\">Nuestro cat\u00e1logo est\u00e1 dise\u00f1ado para cubrir las necesidades esenciales del sector ferretero, con productos de alta calidad y excelente rotaci\u00f3n.<\/p><p class=\"\" data-start=\"471\" data-end=\"520\">Entre los materiales que proveemos se encuentran:<\/p><ul data-start=\"522\" data-end=\"965\"><li class=\"\" data-start=\"522\" data-end=\"592\"><p class=\"\" data-start=\"524\" data-end=\"592\"><strong data-start=\"524\" data-end=\"534\">Madera<\/strong> y derivados, como puertas de pino y l\u00e1minas de plywood.<\/p><\/li><li class=\"\" data-start=\"593\" data-end=\"710\"><p class=\"\" data-start=\"595\" data-end=\"710\"><strong data-start=\"595\" data-end=\"660\">Pisos cer\u00e1micos, porcelanatos y revestimientos tipo fachaleta<\/strong>, ideales para acabados interiores y exteriores.<\/p><\/li><li class=\"\" data-start=\"711\" data-end=\"792\"><p class=\"\" data-start=\"713\" data-end=\"792\"><strong data-start=\"713\" data-end=\"731\">L\u00e1minas de PVC<\/strong>, pr\u00e1cticas y vers\u00e1tiles para distintos usos constructivos.<\/p><\/li><li class=\"\" data-start=\"793\" data-end=\"886\"><p class=\"\" data-start=\"795\" data-end=\"886\"><strong data-start=\"795\" data-end=\"824\">Metales para construcci\u00f3n<\/strong>, incluyendo tubos estructurales y otros perfiles met\u00e1licos.<\/p><\/li><li class=\"\" data-start=\"887\" data-end=\"965\"><p class=\"\" data-start=\"889\" data-end=\"965\"><strong data-start=\"889\" data-end=\"925\">Cerraduras y marcos para puertas<\/strong>, con modelos funcionales y resistentes.<\/p><\/li><\/ul><p class=\"\" data-start=\"967\" data-end=\"1137\">Nuestros productos est\u00e1n pensados para ayudar a su ferreter\u00eda a ofrecer soluciones completas y confiables a sus clientes, desde la obra gruesa hasta los detalles finales.<\/p>          <\/div>\r\n        <\/div>\r\n                    <div class=\"bdt-accordion-item\">\r\n            <div \r\n                class=\"bdt-accordion-title bdt-flex bdt-flex-middle bdt-flex-between\"                id=\"bdt-accordion-cules-son-sus-tiempos-de-entrega\" \r\n                data-accordion-index=\"2\" \r\n                data-title=\"cu-les-son-sus-tiempos-de-entrega\" >\r\n\r\n                              <span class=\"bdt-accordion-icon bdt-flex-align-right\"\r\n                      aria-hidden=\"true\">\r\n\r\n\t\t\t\t                  <span class=\"bdt-accordion-icon-closed\">\r\n\t\t\t\t\t\t<i aria-hidden=\"true\" class=\"fa-fw fas fa-caret-down\"><\/i>\t\t\t\t\t\t<\/span>\r\n                \r\n                                          <span class=\"bdt-accordion-icon-opened\">\r\n\t\t\t\t\t\t\t\t\t\t\t\t\t\t\t\t\t\t<\/span>\r\n                    \r\n\t\t\t\t\t\t\t<\/span>\r\n                            \u00bfCu\u00e1les son sus tiempos de entrega?\r\n          <\/div>\r\n          <div class=\"bdt-accordion-content\">\r\n              <p>Nuestros tiempos de entrega est\u00e1ndar oscilan entre 2 y 4 d\u00edas h\u00e1biles. Sin embargo, contamos con la capacidad de atender pedidos especiales en un plazo acelerado de 24 a 36 horas, seg\u00fan disponibilidad y ubicaci\u00f3n.<\/p>          <\/div>\r\n        <\/div>\r\n                    <div class=\"bdt-accordion-item\">\r\n            <div \r\n                class=\"bdt-accordion-title bdt-flex bdt-flex-middle bdt-flex-between\"                id=\"bdt-accordion-distribuyen-en-todo-el-pas\" \r\n                data-accordion-index=\"3\" \r\n                data-title=\"distribuyen-en-todo-el-pa-s\" >\r\n\r\n                              <span class=\"bdt-accordion-icon bdt-flex-align-right\"\r\n                      aria-hidden=\"true\">\r\n\r\n\t\t\t\t                  <span class=\"bdt-accordion-icon-closed\">\r\n\t\t\t\t\t\t<i aria-hidden=\"true\" class=\"fa-fw fas fa-caret-down\"><\/i>\t\t\t\t\t\t<\/span>\r\n                \r\n                                          <span class=\"bdt-accordion-icon-opened\">\r\n\t\t\t\t\t\t\t\t\t\t\t\t\t\t\t\t\t\t<\/span>\r\n                    \r\n\t\t\t\t\t\t\t<\/span>\r\n                            \u00bfDistribuyen en todo el pa\u00eds?\r\n          <\/div>\r\n          <div class=\"bdt-accordion-content\">\r\n              <p>Contamos con una amplia red de distribuci\u00f3n que nos permite hacer env\u00edos a todo el pa\u00eds.<\/p>          <\/div>\r\n        <\/div>\r\n                <\/div>\r\n      <\/div>\r\n        \t\t\t\t<\/div>\n\t\t\t\t<\/div>\n\t\t\t\t\t<\/div>\n\t\t<\/div>\n\t\t\t\t\t<\/div>\n\t\t<\/section>\n\t\t\t\t<\/div>\n\t\t","protected":false},"excerpt":{"rendered":"<p>Preguntas frecuentes sobre nuestro servicio de materiales de construcci\u00f3n. \u00bfQui\u00e9nes son nuestros clientes? En Mayoreo del Istmo, trabajamos exclusivamente con &hellip;<\/p>\n","protected":false},"author":1,"featured_media":2965,"parent":0,"menu_order":0,"comment_status":"closed","ping_status":"closed","template":"","meta":{"_monsterinsights_skip_tracking":false,"_monsterinsights_sitenote_active":false,"_monsterinsights_sitenote_note":"","_monsterinsights_sitenote_category":0,"footnotes":""},"class_list":["post-1294","page","type-page","status-publish","has-post-thumbnail","hentry"],"yoast_head":"<!-- This site is optimized with the Yoast SEO plugin v26.7 - https:\/\/yoast.com\/wordpress\/plugins\/seo\/ -->\n<title>Nuestros Servicios - Mayoreo de Itsmo<\/title>\n<meta name=\"description\" content=\"Sabemos lo importante que es contar con el apoyo de su proveedor de materiales durante un proyecto de construcci\u00f3n.\" \/>\n<meta name=\"robots\" content=\"index, follow, max-snippet:-1, max-image-preview:large, max-video-preview:-1\" \/>\n<link rel=\"canonical\" href=\"https:\/\/mayoreodelistmo-cr.com\/es\/services-list-view\/\" \/>\n<meta property=\"og:locale\" content=\"es_ES\" \/>\n<meta property=\"og:type\" content=\"article\" \/>\n<meta property=\"og:title\" content=\"Nuestros Servicios - Mayoreo de Itsmo\" \/>\n<meta property=\"og:description\" content=\"Sabemos lo importante que es contar con el apoyo de su proveedor de materiales durante un proyecto de construcci\u00f3n.\" \/>\n<meta property=\"og:url\" content=\"https:\/\/mayoreodelistmo-cr.com\/es\/services-list-view\/\" \/>\n<meta property=\"og:site_name\" content=\"Mayoreo de Itsmo\" \/>\n<meta property=\"article:modified_time\" content=\"2026-01-07T22:10:28+00:00\" \/>\n<meta property=\"og:image\" content=\"https:\/\/mayoreodelistmo-cr.com\/wp-content\/uploads\/2021\/09\/DSC_1232-scaled.jpg\" \/>\n\t<meta property=\"og:image:width\" content=\"2560\" \/>\n\t<meta property=\"og:image:height\" content=\"1707\" \/>\n\t<meta property=\"og:image:type\" content=\"image\/jpeg\" \/>\n<meta name=\"twitter:card\" content=\"summary_large_image\" \/>\n<meta name=\"twitter:label1\" content=\"Est. reading time\" \/>\n\t<meta name=\"twitter:data1\" content=\"2 minutos\" \/>\n<script type=\"application\/ld+json\" class=\"yoast-schema-graph\">{\"@context\":\"https:\/\/schema.org\",\"@graph\":[{\"@type\":\"WebPage\",\"@id\":\"https:\/\/mayoreodelistmo-cr.com\/services-list-view\",\"url\":\"https:\/\/mayoreodelistmo-cr.com\/services-list-view\",\"name\":\"Nuestros Servicios - Mayoreo de Itsmo\",\"isPartOf\":{\"@id\":\"https:\/\/mayoreodelistmo-cr.com\/#website\"},\"primaryImageOfPage\":{\"@id\":\"https:\/\/mayoreodelistmo-cr.com\/services-list-view#primaryimage\"},\"image\":{\"@id\":\"https:\/\/mayoreodelistmo-cr.com\/services-list-view#primaryimage\"},\"thumbnailUrl\":\"https:\/\/mayoreodelistmo-cr.com\/wp-content\/uploads\/2021\/09\/DSC_1232-scaled.jpg\",\"datePublished\":\"2020-11-15T02:18:40+00:00\",\"dateModified\":\"2026-01-07T22:10:28+00:00\",\"description\":\"Sabemos lo importante que es contar con el apoyo de su proveedor de materiales durante un proyecto de construcci\u00f3n.\",\"breadcrumb\":{\"@id\":\"https:\/\/mayoreodelistmo-cr.com\/services-list-view#breadcrumb\"},\"inLanguage\":\"es-CR\",\"potentialAction\":[{\"@type\":\"ReadAction\",\"target\":[\"https:\/\/mayoreodelistmo-cr.com\/services-list-view\"]}]},{\"@type\":\"ImageObject\",\"inLanguage\":\"es-CR\",\"@id\":\"https:\/\/mayoreodelistmo-cr.com\/services-list-view#primaryimage\",\"url\":\"https:\/\/mayoreodelistmo-cr.com\/wp-content\/uploads\/2021\/09\/DSC_1232-scaled.jpg\",\"contentUrl\":\"https:\/\/mayoreodelistmo-cr.com\/wp-content\/uploads\/2021\/09\/DSC_1232-scaled.jpg\",\"width\":2560,\"height\":1707},{\"@type\":\"BreadcrumbList\",\"@id\":\"https:\/\/mayoreodelistmo-cr.com\/services-list-view#breadcrumb\",\"itemListElement\":[{\"@type\":\"ListItem\",\"position\":1,\"name\":\"Inicio\",\"item\":\"https:\/\/mayoreodelistmo-cr.com\/es\/\"},{\"@type\":\"ListItem\",\"position\":2,\"name\":\"Nuestros Servicios\"}]},{\"@type\":\"WebSite\",\"@id\":\"https:\/\/mayoreodelistmo-cr.com\/#website\",\"url\":\"https:\/\/mayoreodelistmo-cr.com\/\",\"name\":\"Mayoreo de Itsmo\",\"description\":\"Materiales de construcci\u00f3n\",\"publisher\":{\"@id\":\"https:\/\/mayoreodelistmo-cr.com\/#organization\"},\"potentialAction\":[{\"@type\":\"SearchAction\",\"target\":{\"@type\":\"EntryPoint\",\"urlTemplate\":\"https:\/\/mayoreodelistmo-cr.com\/?s={search_term_string}\"},\"query-input\":{\"@type\":\"PropertyValueSpecification\",\"valueRequired\":true,\"valueName\":\"search_term_string\"}}],\"inLanguage\":\"es-CR\"},{\"@type\":\"Organization\",\"@id\":\"https:\/\/mayoreodelistmo-cr.com\/#organization\",\"name\":\"Mayoreo de Itsmo\",\"url\":\"https:\/\/mayoreodelistmo-cr.com\/\",\"logo\":{\"@type\":\"ImageObject\",\"inLanguage\":\"es-CR\",\"@id\":\"https:\/\/mayoreodelistmo-cr.com\/#\/schema\/logo\/image\/\",\"url\":\"https:\/\/mayoreodelistmo-cr.com\/wp-content\/uploads\/2021\/09\/logo.png\",\"contentUrl\":\"https:\/\/mayoreodelistmo-cr.com\/wp-content\/uploads\/2021\/09\/logo.png\",\"width\":341,\"height\":359,\"caption\":\"Mayoreo de Itsmo\"},\"image\":{\"@id\":\"https:\/\/mayoreodelistmo-cr.com\/#\/schema\/logo\/image\/\"}}]}<\/script>\n<!-- \/ Yoast SEO plugin. -->","yoast_head_json":{"title":"Nuestros Servicios - Mayoreo de Itsmo","description":"Sabemos lo importante que es contar con el apoyo de su proveedor de materiales durante un proyecto de construcci\u00f3n.","robots":{"index":"index","follow":"follow","max-snippet":"max-snippet:-1","max-image-preview":"max-image-preview:large","max-video-preview":"max-video-preview:-1"},"canonical":"https:\/\/mayoreodelistmo-cr.com\/es\/services-list-view\/","og_locale":"es_ES","og_type":"article","og_title":"Nuestros Servicios - Mayoreo de Itsmo","og_description":"Sabemos lo importante que es contar con el apoyo de su proveedor de materiales durante un proyecto de construcci\u00f3n.","og_url":"https:\/\/mayoreodelistmo-cr.com\/es\/services-list-view\/","og_site_name":"Mayoreo de Itsmo","article_modified_time":"2026-01-07T22:10:28+00:00","og_image":[{"width":2560,"height":1707,"url":"https:\/\/mayoreodelistmo-cr.com\/wp-content\/uploads\/2021\/09\/DSC_1232-scaled.jpg","type":"image\/jpeg"}],"twitter_card":"summary_large_image","twitter_misc":{"Est. reading time":"2 minutos"},"schema":{"@context":"https:\/\/schema.org","@graph":[{"@type":"WebPage","@id":"https:\/\/mayoreodelistmo-cr.com\/services-list-view","url":"https:\/\/mayoreodelistmo-cr.com\/services-list-view","name":"Nuestros Servicios - Mayoreo de Itsmo","isPartOf":{"@id":"https:\/\/mayoreodelistmo-cr.com\/#website"},"primaryImageOfPage":{"@id":"https:\/\/mayoreodelistmo-cr.com\/services-list-view#primaryimage"},"image":{"@id":"https:\/\/mayoreodelistmo-cr.com\/services-list-view#primaryimage"},"thumbnailUrl":"https:\/\/mayoreodelistmo-cr.com\/wp-content\/uploads\/2021\/09\/DSC_1232-scaled.jpg","datePublished":"2020-11-15T02:18:40+00:00","dateModified":"2026-01-07T22:10:28+00:00","description":"Sabemos lo importante que es contar con el apoyo de su proveedor de materiales durante un proyecto de construcci\u00f3n.","breadcrumb":{"@id":"https:\/\/mayoreodelistmo-cr.com\/services-list-view#breadcrumb"},"inLanguage":"es-CR","potentialAction":[{"@type":"ReadAction","target":["https:\/\/mayoreodelistmo-cr.com\/services-list-view"]}]},{"@type":"ImageObject","inLanguage":"es-CR","@id":"https:\/\/mayoreodelistmo-cr.com\/services-list-view#primaryimage","url":"https:\/\/mayoreodelistmo-cr.com\/wp-content\/uploads\/2021\/09\/DSC_1232-scaled.jpg","contentUrl":"https:\/\/mayoreodelistmo-cr.com\/wp-content\/uploads\/2021\/09\/DSC_1232-scaled.jpg","width":2560,"height":1707},{"@type":"BreadcrumbList","@id":"https:\/\/mayoreodelistmo-cr.com\/services-list-view#breadcrumb","itemListElement":[{"@type":"ListItem","position":1,"name":"Inicio","item":"https:\/\/mayoreodelistmo-cr.com\/es\/"},{"@type":"ListItem","position":2,"name":"Nuestros Servicios"}]},{"@type":"WebSite","@id":"https:\/\/mayoreodelistmo-cr.com\/#website","url":"https:\/\/mayoreodelistmo-cr.com\/","name":"Mayoreo de Itsmo","description":"Materiales de construcci\u00f3n","publisher":{"@id":"https:\/\/mayoreodelistmo-cr.com\/#organization"},"potentialAction":[{"@type":"SearchAction","target":{"@type":"EntryPoint","urlTemplate":"https:\/\/mayoreodelistmo-cr.com\/?s={search_term_string}"},"query-input":{"@type":"PropertyValueSpecification","valueRequired":true,"valueName":"search_term_string"}}],"inLanguage":"es-CR"},{"@type":"Organization","@id":"https:\/\/mayoreodelistmo-cr.com\/#organization","name":"Mayoreo de Itsmo","url":"https:\/\/mayoreodelistmo-cr.com\/","logo":{"@type":"ImageObject","inLanguage":"es-CR","@id":"https:\/\/mayoreodelistmo-cr.com\/#\/schema\/logo\/image\/","url":"https:\/\/mayoreodelistmo-cr.com\/wp-content\/uploads\/2021\/09\/logo.png","contentUrl":"https:\/\/mayoreodelistmo-cr.com\/wp-content\/uploads\/2021\/09\/logo.png","width":341,"height":359,"caption":"Mayoreo de Itsmo"},"image":{"@id":"https:\/\/mayoreodelistmo-cr.com\/#\/schema\/logo\/image\/"}}]}},"_links":{"self":[{"href":"https:\/\/mayoreodelistmo-cr.com\/es\/wp-json\/wp\/v2\/pages\/1294","targetHints":{"allow":["GET"]}}],"collection":[{"href":"https:\/\/mayoreodelistmo-cr.com\/es\/wp-json\/wp\/v2\/pages"}],"about":[{"href":"https:\/\/mayoreodelistmo-cr.com\/es\/wp-json\/wp\/v2\/types\/page"}],"author":[{"embeddable":true,"href":"https:\/\/mayoreodelistmo-cr.com\/es\/wp-json\/wp\/v2\/users\/1"}],"replies":[{"embeddable":true,"href":"https:\/\/mayoreodelistmo-cr.com\/es\/wp-json\/wp\/v2\/comments?post=1294"}],"version-history":[{"count":174,"href":"https:\/\/mayoreodelistmo-cr.com\/es\/wp-json\/wp\/v2\/pages\/1294\/revisions"}],"predecessor-version":[{"id":7844,"href":"https:\/\/mayoreodelistmo-cr.com\/es\/wp-json\/wp\/v2\/pages\/1294\/revisions\/7844"}],"wp:featuredmedia":[{"embeddable":true,"href":"https:\/\/mayoreodelistmo-cr.com\/es\/wp-json\/wp\/v2\/media\/2965"}],"wp:attachment":[{"href":"https:\/\/mayoreodelistmo-cr.com\/es\/wp-json\/wp\/v2\/media?parent=1294"}],"curies":[{"name":"wp","href":"https:\/\/api.w.org\/{rel}","templated":true}]}}