{"id":7766,"date":"2025-09-22T22:09:09","date_gmt":"2025-09-22T22:09:09","guid":{"rendered":"https:\/\/mayoreodelistmo-cr.com\/?page_id=7766"},"modified":"2025-11-26T20:28:23","modified_gmt":"2025-11-26T20:28:23","slug":"conocenos","status":"publish","type":"page","link":"https:\/\/mayoreodelistmo-cr.com\/es\/conocenos","title":{"rendered":"Conocenos"},"content":{"rendered":"\t\t<div data-elementor-type=\"wp-page\" data-elementor-id=\"7766\" class=\"elementor elementor-7766\" data-elementor-post-type=\"page\">\n\t\t\t\t\t\t<section class=\"elementor-section elementor-top-section elementor-element elementor-element-1fceffe elementor-section-boxed elementor-section-height-default elementor-section-height-default wpr-particle-no wpr-jarallax-no wpr-parallax-no wpr-sticky-section-no\" data-id=\"1fceffe\" data-element_type=\"section\">\n\t\t\t\t\t\t<div class=\"elementor-container elementor-column-gap-default\">\n\t\t\t\t\t<div class=\"elementor-column elementor-col-100 elementor-top-column elementor-element elementor-element-9fafd67\" data-id=\"9fafd67\" data-element_type=\"column\">\n\t\t\t<div class=\"elementor-widget-wrap elementor-element-populated\">\n\t\t\t\t\t\t<div class=\"elementor-element elementor-element-101b4a0 elementor-widget elementor-widget-heading\" data-id=\"101b4a0\" data-element_type=\"widget\" data-widget_type=\"heading.default\">\n\t\t\t\t<div class=\"elementor-widget-container\">\n\t\t\t\t\t<h2 class=\"elementor-heading-title elementor-size-default\">M\u00e1s que Materiales: Forjando un Legado en la Construcci\u00f3n\n<\/h2>\t\t\t\t<\/div>\n\t\t\t\t<\/div>\n\t\t\t\t<div class=\"elementor-element elementor-element-47efdf8 elementor-widget elementor-widget-video\" data-id=\"47efdf8\" data-element_type=\"widget\" data-settings=\"{&quot;video_type&quot;:&quot;hosted&quot;,&quot;controls&quot;:&quot;yes&quot;}\" data-widget_type=\"video.default\">\n\t\t\t\t<div class=\"elementor-widget-container\">\n\t\t\t\t\t\t\t<div class=\"e-hosted-video elementor-wrapper elementor-open-inline\">\n\t\t\t\t\t<video class=\"elementor-video\" src=\"https:\/\/mayoreodelistmo-cr.com\/wp-content\/uploads\/2025\/11\/Video.mp4\" controls=\"\" preload=\"metadata\" controlsList=\"nodownload\"><\/video>\n\t\t\t\t<\/div>\n\t\t\t\t\t\t<\/div>\n\t\t\t\t<\/div>\n\t\t\t\t<section class=\"elementor-section elementor-inner-section elementor-element elementor-element-f8902ba elementor-section-boxed elementor-section-height-default elementor-section-height-default wpr-particle-no wpr-jarallax-no wpr-parallax-no wpr-sticky-section-no\" data-id=\"f8902ba\" data-element_type=\"section\">\n\t\t\t\t\t\t<div class=\"elementor-container elementor-column-gap-default\">\n\t\t\t\t\t<div class=\"elementor-column elementor-col-50 elementor-inner-column elementor-element elementor-element-4066f3f\" data-id=\"4066f3f\" data-element_type=\"column\">\n\t\t\t<div class=\"elementor-widget-wrap elementor-element-populated\">\n\t\t\t\t\t\t<div class=\"elementor-element elementor-element-d065690 elementor-widget elementor-widget-image\" data-id=\"d065690\" data-element_type=\"widget\" data-settings=\"{&quot;motion_fx_motion_fx_scrolling&quot;:&quot;yes&quot;,&quot;motion_fx_translateY_effect&quot;:&quot;yes&quot;,&quot;motion_fx_translateY_speed&quot;:{&quot;unit&quot;:&quot;px&quot;,&quot;size&quot;:1.3,&quot;sizes&quot;:[]},&quot;motion_fx_translateY_affectedRange&quot;:{&quot;unit&quot;:&quot;%&quot;,&quot;size&quot;:&quot;&quot;,&quot;sizes&quot;:{&quot;start&quot;:0,&quot;end&quot;:100}},&quot;motion_fx_devices&quot;:[&quot;desktop&quot;,&quot;laptop&quot;,&quot;tablet&quot;,&quot;mobile&quot;]}\" data-widget_type=\"image.default\">\n\t\t\t\t<div class=\"elementor-widget-container\">\n\t\t\t\t\t\t\t\t\t\t\t\t\t\t\t<img fetchpriority=\"high\" decoding=\"async\" width=\"640\" height=\"427\" src=\"https:\/\/mayoreodelistmo-cr.com\/wp-content\/uploads\/2021\/09\/background-1024x683.png\" class=\"attachment-large size-large wp-image-3563\" alt=\"\" srcset=\"https:\/\/mayoreodelistmo-cr.com\/wp-content\/uploads\/2021\/09\/background-1024x683.png 1024w, https:\/\/mayoreodelistmo-cr.com\/wp-content\/uploads\/2021\/09\/background-600x400.png 600w, https:\/\/mayoreodelistmo-cr.com\/wp-content\/uploads\/2021\/09\/background-300x200.png 300w, https:\/\/mayoreodelistmo-cr.com\/wp-content\/uploads\/2021\/09\/background-768x512.png 768w, https:\/\/mayoreodelistmo-cr.com\/wp-content\/uploads\/2021\/09\/background.png 1140w\" sizes=\"(max-width: 640px) 100vw, 640px\" \/>\t\t\t\t\t\t\t\t\t\t\t\t\t\t\t<\/div>\n\t\t\t\t<\/div>\n\t\t\t\t\t<\/div>\n\t\t<\/div>\n\t\t\t\t<div class=\"elementor-column elementor-col-50 elementor-inner-column elementor-element elementor-element-3dbb14b\" data-id=\"3dbb14b\" data-element_type=\"column\">\n\t\t\t<div class=\"elementor-widget-wrap elementor-element-populated\">\n\t\t\t\t\t\t<div class=\"elementor-element elementor-element-d77e460 elementor-widget elementor-widget-text-editor\" data-id=\"d77e460\" data-element_type=\"widget\" data-widget_type=\"text-editor.default\">\n\t\t\t\t<div class=\"elementor-widget-container\">\n\t\t\t\t\t\t\t\t\t<p>Desde hace 33 a\u00f1os, una visi\u00f3n de servicio y excelencia transform\u00f3 la manera en que se provee a la industria de la construcci\u00f3n y ferreter\u00eda. Lo que comenz\u00f3 como una idea se ha consolidado como Mayoreo del Ismo, una empresa que trasciende la simple transacci\u00f3n comercial para convertirse en un aliado estrat\u00e9gico para profesionales y proyectos en Costa Rica y Panam\u00e1.<\/p>\n<p>Nuestro crecimiento constante, marcado por la apertura de m\u00faltiples dep\u00f3sitos y la creaci\u00f3n de servicios especializados como el Centro Carpintero Iraz\u00fa y Pinotek, es un reflejo de nuestra dedicaci\u00f3n a la calidad, la innovaci\u00f3n en el mercado ferretero, y una inquebrantable b\u00fasqueda por ofrecer precios altamente competitivos.<\/p>\t\t\t\t\t\t\t\t<\/div>\n\t\t\t\t<\/div>\n\t\t\t\t\t<\/div>\n\t\t<\/div>\n\t\t\t\t\t<\/div>\n\t\t<\/section>\n\t\t\t\t<section class=\"elementor-section elementor-inner-section elementor-element elementor-element-e500f97 elementor-reverse-mobile elementor-section-boxed elementor-section-height-default elementor-section-height-default wpr-particle-no wpr-jarallax-no wpr-parallax-no wpr-sticky-section-no\" data-id=\"e500f97\" data-element_type=\"section\">\n\t\t\t\t\t\t<div class=\"elementor-container elementor-column-gap-default\">\n\t\t\t\t\t<div class=\"elementor-column elementor-col-50 elementor-inner-column elementor-element elementor-element-48d0c1c\" data-id=\"48d0c1c\" data-element_type=\"column\">\n\t\t\t<div class=\"elementor-widget-wrap elementor-element-populated\">\n\t\t\t\t\t\t<div class=\"elementor-element elementor-element-f98678a elementor-widget elementor-widget-text-editor\" data-id=\"f98678a\" data-element_type=\"widget\" data-widget_type=\"text-editor.default\">\n\t\t\t\t<div class=\"elementor-widget-container\">\n\t\t\t\t\t\t\t\t\t<p>\u00a0<\/p><p>En Mayoreo del Ismo, la esencia de nuestro trabajo se basa en la cercan\u00eda, el compromiso, y la confianza. Estamos profundamente arraigados a las comunidades que servimos, no solo como proveedores de productos de alto rendimiento, sino como una familia que se empe\u00f1a en impulsar el desarrollo de sus colaboradores, socios y clientes. Entendemos que cada pieza que entregamos es parte de una gran ilusi\u00f3n y un proyecto de vida.<\/p><p>Miramos hacia el futuro con la misi\u00f3n de seguir siendo el l\u00edder en la mayorizaci\u00f3n de productos, siempre manteniendo vivo el esp\u00edritu de excelencia que nos ha definido desde el primer d\u00eda.<\/p>\t\t\t\t\t\t\t\t<\/div>\n\t\t\t\t<\/div>\n\t\t\t\t\t<\/div>\n\t\t<\/div>\n\t\t\t\t<div class=\"elementor-column elementor-col-50 elementor-inner-column elementor-element elementor-element-492387d\" data-id=\"492387d\" data-element_type=\"column\">\n\t\t\t<div class=\"elementor-widget-wrap elementor-element-populated\">\n\t\t\t\t\t\t<div class=\"elementor-element elementor-element-e3eefa9 elementor-widget elementor-widget-image\" data-id=\"e3eefa9\" data-element_type=\"widget\" data-settings=\"{&quot;motion_fx_motion_fx_scrolling&quot;:&quot;yes&quot;,&quot;motion_fx_translateY_effect&quot;:&quot;yes&quot;,&quot;motion_fx_translateY_speed&quot;:{&quot;unit&quot;:&quot;px&quot;,&quot;size&quot;:1.3,&quot;sizes&quot;:[]},&quot;motion_fx_translateY_affectedRange&quot;:{&quot;unit&quot;:&quot;%&quot;,&quot;size&quot;:&quot;&quot;,&quot;sizes&quot;:{&quot;start&quot;:0,&quot;end&quot;:100}},&quot;motion_fx_devices&quot;:[&quot;desktop&quot;,&quot;laptop&quot;,&quot;tablet&quot;,&quot;mobile&quot;]}\" data-widget_type=\"image.default\">\n\t\t\t\t<div class=\"elementor-widget-container\">\n\t\t\t\t\t\t\t\t\t\t\t\t\t\t\t<img decoding=\"async\" width=\"640\" height=\"427\" src=\"https:\/\/mayoreodelistmo-cr.com\/wp-content\/uploads\/2021\/09\/DSC_1248-1024x683.jpg\" class=\"attachment-large size-large wp-image-3112\" alt=\"\" srcset=\"https:\/\/mayoreodelistmo-cr.com\/wp-content\/uploads\/2021\/09\/DSC_1248-1024x683.jpg 1024w, https:\/\/mayoreodelistmo-cr.com\/wp-content\/uploads\/2021\/09\/DSC_1248-scaled-600x400.jpg 600w, https:\/\/mayoreodelistmo-cr.com\/wp-content\/uploads\/2021\/09\/DSC_1248-300x200.jpg 300w, https:\/\/mayoreodelistmo-cr.com\/wp-content\/uploads\/2021\/09\/DSC_1248-768x512.jpg 768w, https:\/\/mayoreodelistmo-cr.com\/wp-content\/uploads\/2021\/09\/DSC_1248-1536x1024.jpg 1536w, https:\/\/mayoreodelistmo-cr.com\/wp-content\/uploads\/2021\/09\/DSC_1248-2048x1365.jpg 2048w\" sizes=\"(max-width: 640px) 100vw, 640px\" \/>\t\t\t\t\t\t\t\t\t\t\t\t\t\t\t<\/div>\n\t\t\t\t<\/div>\n\t\t\t\t\t<\/div>\n\t\t<\/div>\n\t\t\t\t\t<\/div>\n\t\t<\/section>\n\t\t\t\t\t<\/div>\n\t\t<\/div>\n\t\t\t\t\t<\/div>\n\t\t<\/section>\n\t\t\t\t<\/div>\n\t\t","protected":false},"excerpt":{"rendered":"<p>M\u00e1s que Materiales: Forjando un Legado en la Construcci\u00f3n https:\/\/mayoreodelistmo-cr.com\/wp-content\/uploads\/2025\/11\/Video.mp4 Desde hace 33 a\u00f1os, una visi\u00f3n de servicio y excelencia &hellip;<\/p>\n","protected":false},"author":1,"featured_media":0,"parent":0,"menu_order":0,"comment_status":"closed","ping_status":"closed","template":"","meta":{"_monsterinsights_skip_tracking":false,"_monsterinsights_sitenote_active":false,"_monsterinsights_sitenote_note":"","_monsterinsights_sitenote_category":0,"footnotes":""},"class_list":["post-7766","page","type-page","status-publish","hentry"],"yoast_head":"<!-- This site is optimized with the Yoast SEO plugin v26.7 - https:\/\/yoast.com\/wordpress\/plugins\/seo\/ -->\n<title>Conocenos - Mayoreo de Itsmo<\/title>\n<meta name=\"robots\" content=\"index, follow, max-snippet:-1, max-image-preview:large, max-video-preview:-1\" \/>\n<link rel=\"canonical\" href=\"https:\/\/mayoreodelistmo-cr.com\/es\/conocenos\/\" \/>\n<meta property=\"og:locale\" content=\"es_ES\" \/>\n<meta property=\"og:type\" content=\"article\" \/>\n<meta property=\"og:title\" content=\"Conocenos - Mayoreo de Itsmo\" \/>\n<meta property=\"og:description\" content=\"M\u00e1s que Materiales: Forjando un Legado en la Construcci\u00f3n https:\/\/mayoreodelistmo-cr.com\/wp-content\/uploads\/2025\/11\/Video.mp4 Desde hace 33 a\u00f1os, una visi\u00f3n de servicio y excelencia &hellip;\" \/>\n<meta property=\"og:url\" content=\"https:\/\/mayoreodelistmo-cr.com\/es\/conocenos\/\" \/>\n<meta property=\"og:site_name\" content=\"Mayoreo de Itsmo\" \/>\n<meta property=\"article:modified_time\" content=\"2025-11-26T20:28:23+00:00\" \/>\n<meta property=\"og:image\" content=\"https:\/\/mayoreodelistmo-cr.com\/wp-content\/uploads\/2021\/09\/background.png\" \/>\n\t<meta property=\"og:image:width\" content=\"1140\" \/>\n\t<meta property=\"og:image:height\" content=\"760\" \/>\n\t<meta property=\"og:image:type\" content=\"image\/png\" \/>\n<meta name=\"twitter:card\" content=\"summary_large_image\" \/>\n<meta name=\"twitter:label1\" content=\"Est. reading time\" \/>\n\t<meta name=\"twitter:data1\" content=\"2 minutos\" \/>\n<script type=\"application\/ld+json\" class=\"yoast-schema-graph\">{\"@context\":\"https:\/\/schema.org\",\"@graph\":[{\"@type\":\"WebPage\",\"@id\":\"https:\/\/mayoreodelistmo-cr.com\/conocenos\",\"url\":\"https:\/\/mayoreodelistmo-cr.com\/conocenos\",\"name\":\"Conocenos - Mayoreo de Itsmo\",\"isPartOf\":{\"@id\":\"https:\/\/mayoreodelistmo-cr.com\/#website\"},\"primaryImageOfPage\":{\"@id\":\"https:\/\/mayoreodelistmo-cr.com\/conocenos#primaryimage\"},\"image\":{\"@id\":\"https:\/\/mayoreodelistmo-cr.com\/conocenos#primaryimage\"},\"thumbnailUrl\":\"https:\/\/mayoreodelistmo-cr.com\/wp-content\/uploads\/2021\/09\/background-1024x683.png\",\"datePublished\":\"2025-09-22T22:09:09+00:00\",\"dateModified\":\"2025-11-26T20:28:23+00:00\",\"breadcrumb\":{\"@id\":\"https:\/\/mayoreodelistmo-cr.com\/conocenos#breadcrumb\"},\"inLanguage\":\"es-CR\",\"potentialAction\":[{\"@type\":\"ReadAction\",\"target\":[\"https:\/\/mayoreodelistmo-cr.com\/conocenos\"]}]},{\"@type\":\"ImageObject\",\"inLanguage\":\"es-CR\",\"@id\":\"https:\/\/mayoreodelistmo-cr.com\/conocenos#primaryimage\",\"url\":\"https:\/\/mayoreodelistmo-cr.com\/wp-content\/uploads\/2021\/09\/background-1024x683.png\",\"contentUrl\":\"https:\/\/mayoreodelistmo-cr.com\/wp-content\/uploads\/2021\/09\/background-1024x683.png\"},{\"@type\":\"BreadcrumbList\",\"@id\":\"https:\/\/mayoreodelistmo-cr.com\/conocenos#breadcrumb\",\"itemListElement\":[{\"@type\":\"ListItem\",\"position\":1,\"name\":\"Inicio\",\"item\":\"https:\/\/mayoreodelistmo-cr.com\/es\/\"},{\"@type\":\"ListItem\",\"position\":2,\"name\":\"Conocenos\"}]},{\"@type\":\"WebSite\",\"@id\":\"https:\/\/mayoreodelistmo-cr.com\/#website\",\"url\":\"https:\/\/mayoreodelistmo-cr.com\/\",\"name\":\"Mayoreo de Itsmo\",\"description\":\"Materiales de construcci\u00f3n\",\"publisher\":{\"@id\":\"https:\/\/mayoreodelistmo-cr.com\/#organization\"},\"potentialAction\":[{\"@type\":\"SearchAction\",\"target\":{\"@type\":\"EntryPoint\",\"urlTemplate\":\"https:\/\/mayoreodelistmo-cr.com\/?s={search_term_string}\"},\"query-input\":{\"@type\":\"PropertyValueSpecification\",\"valueRequired\":true,\"valueName\":\"search_term_string\"}}],\"inLanguage\":\"es-CR\"},{\"@type\":\"Organization\",\"@id\":\"https:\/\/mayoreodelistmo-cr.com\/#organization\",\"name\":\"Mayoreo de Itsmo\",\"url\":\"https:\/\/mayoreodelistmo-cr.com\/\",\"logo\":{\"@type\":\"ImageObject\",\"inLanguage\":\"es-CR\",\"@id\":\"https:\/\/mayoreodelistmo-cr.com\/#\/schema\/logo\/image\/\",\"url\":\"https:\/\/mayoreodelistmo-cr.com\/wp-content\/uploads\/2021\/09\/logo.png\",\"contentUrl\":\"https:\/\/mayoreodelistmo-cr.com\/wp-content\/uploads\/2021\/09\/logo.png\",\"width\":341,\"height\":359,\"caption\":\"Mayoreo de Itsmo\"},\"image\":{\"@id\":\"https:\/\/mayoreodelistmo-cr.com\/#\/schema\/logo\/image\/\"}}]}<\/script>\n<!-- \/ Yoast SEO plugin. -->","yoast_head_json":{"title":"Conocenos - Mayoreo de Itsmo","robots":{"index":"index","follow":"follow","max-snippet":"max-snippet:-1","max-image-preview":"max-image-preview:large","max-video-preview":"max-video-preview:-1"},"canonical":"https:\/\/mayoreodelistmo-cr.com\/es\/conocenos\/","og_locale":"es_ES","og_type":"article","og_title":"Conocenos - Mayoreo de Itsmo","og_description":"M\u00e1s que Materiales: Forjando un Legado en la Construcci\u00f3n https:\/\/mayoreodelistmo-cr.com\/wp-content\/uploads\/2025\/11\/Video.mp4 Desde hace 33 a\u00f1os, una visi\u00f3n de servicio y excelencia &hellip;","og_url":"https:\/\/mayoreodelistmo-cr.com\/es\/conocenos\/","og_site_name":"Mayoreo de Itsmo","article_modified_time":"2025-11-26T20:28:23+00:00","og_image":[{"width":1140,"height":760,"url":"https:\/\/mayoreodelistmo-cr.com\/wp-content\/uploads\/2021\/09\/background.png","type":"image\/png"}],"twitter_card":"summary_large_image","twitter_misc":{"Est. reading time":"2 minutos"},"schema":{"@context":"https:\/\/schema.org","@graph":[{"@type":"WebPage","@id":"https:\/\/mayoreodelistmo-cr.com\/conocenos","url":"https:\/\/mayoreodelistmo-cr.com\/conocenos","name":"Conocenos - Mayoreo de Itsmo","isPartOf":{"@id":"https:\/\/mayoreodelistmo-cr.com\/#website"},"primaryImageOfPage":{"@id":"https:\/\/mayoreodelistmo-cr.com\/conocenos#primaryimage"},"image":{"@id":"https:\/\/mayoreodelistmo-cr.com\/conocenos#primaryimage"},"thumbnailUrl":"https:\/\/mayoreodelistmo-cr.com\/wp-content\/uploads\/2021\/09\/background-1024x683.png","datePublished":"2025-09-22T22:09:09+00:00","dateModified":"2025-11-26T20:28:23+00:00","breadcrumb":{"@id":"https:\/\/mayoreodelistmo-cr.com\/conocenos#breadcrumb"},"inLanguage":"es-CR","potentialAction":[{"@type":"ReadAction","target":["https:\/\/mayoreodelistmo-cr.com\/conocenos"]}]},{"@type":"ImageObject","inLanguage":"es-CR","@id":"https:\/\/mayoreodelistmo-cr.com\/conocenos#primaryimage","url":"https:\/\/mayoreodelistmo-cr.com\/wp-content\/uploads\/2021\/09\/background-1024x683.png","contentUrl":"https:\/\/mayoreodelistmo-cr.com\/wp-content\/uploads\/2021\/09\/background-1024x683.png"},{"@type":"BreadcrumbList","@id":"https:\/\/mayoreodelistmo-cr.com\/conocenos#breadcrumb","itemListElement":[{"@type":"ListItem","position":1,"name":"Inicio","item":"https:\/\/mayoreodelistmo-cr.com\/es\/"},{"@type":"ListItem","position":2,"name":"Conocenos"}]},{"@type":"WebSite","@id":"https:\/\/mayoreodelistmo-cr.com\/#website","url":"https:\/\/mayoreodelistmo-cr.com\/","name":"Mayoreo de Itsmo","description":"Materiales de construcci\u00f3n","publisher":{"@id":"https:\/\/mayoreodelistmo-cr.com\/#organization"},"potentialAction":[{"@type":"SearchAction","target":{"@type":"EntryPoint","urlTemplate":"https:\/\/mayoreodelistmo-cr.com\/?s={search_term_string}"},"query-input":{"@type":"PropertyValueSpecification","valueRequired":true,"valueName":"search_term_string"}}],"inLanguage":"es-CR"},{"@type":"Organization","@id":"https:\/\/mayoreodelistmo-cr.com\/#organization","name":"Mayoreo de Itsmo","url":"https:\/\/mayoreodelistmo-cr.com\/","logo":{"@type":"ImageObject","inLanguage":"es-CR","@id":"https:\/\/mayoreodelistmo-cr.com\/#\/schema\/logo\/image\/","url":"https:\/\/mayoreodelistmo-cr.com\/wp-content\/uploads\/2021\/09\/logo.png","contentUrl":"https:\/\/mayoreodelistmo-cr.com\/wp-content\/uploads\/2021\/09\/logo.png","width":341,"height":359,"caption":"Mayoreo de Itsmo"},"image":{"@id":"https:\/\/mayoreodelistmo-cr.com\/#\/schema\/logo\/image\/"}}]}},"_links":{"self":[{"href":"https:\/\/mayoreodelistmo-cr.com\/es\/wp-json\/wp\/v2\/pages\/7766","targetHints":{"allow":["GET"]}}],"collection":[{"href":"https:\/\/mayoreodelistmo-cr.com\/es\/wp-json\/wp\/v2\/pages"}],"about":[{"href":"https:\/\/mayoreodelistmo-cr.com\/es\/wp-json\/wp\/v2\/types\/page"}],"author":[{"embeddable":true,"href":"https:\/\/mayoreodelistmo-cr.com\/es\/wp-json\/wp\/v2\/users\/1"}],"replies":[{"embeddable":true,"href":"https:\/\/mayoreodelistmo-cr.com\/es\/wp-json\/wp\/v2\/comments?post=7766"}],"version-history":[{"count":37,"href":"https:\/\/mayoreodelistmo-cr.com\/es\/wp-json\/wp\/v2\/pages\/7766\/revisions"}],"predecessor-version":[{"id":7812,"href":"https:\/\/mayoreodelistmo-cr.com\/es\/wp-json\/wp\/v2\/pages\/7766\/revisions\/7812"}],"wp:attachment":[{"href":"https:\/\/mayoreodelistmo-cr.com\/es\/wp-json\/wp\/v2\/media?parent=7766"}],"curies":[{"name":"wp","href":"https:\/\/api.w.org\/{rel}","templated":true}]}}